{"id":17,"date":"2015-01-13T17:53:22","date_gmt":"2015-01-13T17:53:22","guid":{"rendered":"http:\/\/demo.safirtema.com\/safirkurumsal\/?page_id=17"},"modified":"2025-05-12T19:12:20","modified_gmt":"2025-05-12T19:12:20","slug":"sikca-sorulan-sorular","status":"publish","type":"page","link":"https:\/\/klinikmsdernegi.com\/?page_id=17","title":{"rendered":"Banka Hesap Detaylar\u0131"},"content":{"rendered":"\n<p><strong>Klinik Multipl Skleroz Derne\u011fi IBAN<\/strong><\/p>\n\n\n\n<p>T\u00fcrkiye \u0130\u015f Bankas\u0131 Trabzon \u015eubesi <\/p>\n\n\n\n<p>\u015eube Kodu: 7500 <\/p>\n\n\n\n<div class=\"\" data-col=\"2\"><ul class=\"wp-block-list\">\n<li>T\u00fcrk Liras\u0131 TR89 0006 4000 0017 5002 4856 05<\/li>\n\n\n\n<li>EURO TR29 0006 4000 0027 5002 1887 93<\/li>\n\n\n\n<li>SWIFT: ISBKTRISXXX<\/li>\n<\/ul><\/div>\n\n\n\n<p><strong>Klinik Multipl Skleroz Derne\u011fi \u0130ktisadi \u0130\u015fletmesi IBAN<\/strong><\/p>\n\n\n\n<p>T\u00fcrkiye \u0130\u015f Bankas\u0131 Trabzon \u015eubesi <\/p>\n\n\n\n<p>\u015eube Kodu: 7500 <\/p>\n\n\n\n<div class=\"\" data-col=\"2\"><ul class=\"wp-block-list\">\n<li>T\u00fcrk Liras\u0131 TR47 0006 4000 0017 5002 6725 04<\/li>\n<\/ul><\/div>\n","protected":false},"excerpt":{"rendered":"<p>Klinik Multipl Skleroz Derne\u011fi IBAN T\u00fcrkiye \u0130\u015f Bankas\u0131 Trabzon \u015eubesi \u015eube Kodu: 7500 Klinik Multipl Skleroz Derne\u011fi \u0130ktisadi \u0130\u015fletmesi IBAN T\u00fcrkiye \u0130\u015f Bankas\u0131 Trabzon \u015eubesi \u015eube Kodu: 7500<\/p>\n","protected":false},"author":1,"featured_media":0,"parent":0,"menu_order":0,"comment_status":"open","ping_status":"open","template":"","meta":{"footnotes":""},"class_list":["post-17","page","type-page","status-publish","hentry"],"_links":{"self":[{"href":"https:\/\/klinikmsdernegi.com\/index.php?rest_route=\/wp\/v2\/pages\/17","targetHints":{"allow":["GET"]}}],"collection":[{"href":"https:\/\/klinikmsdernegi.com\/index.php?rest_route=\/wp\/v2\/pages"}],"about":[{"href":"https:\/\/klinikmsdernegi.com\/index.php?rest_route=\/wp\/v2\/types\/page"}],"author":[{"embeddable":true,"href":"https:\/\/klinikmsdernegi.com\/index.php?rest_route=\/wp\/v2\/users\/1"}],"replies":[{"embeddable":true,"href":"https:\/\/klinikmsdernegi.com\/index.php?rest_route=%2Fwp%2Fv2%2Fcomments&post=17"}],"version-history":[{"count":0,"href":"https:\/\/klinikmsdernegi.com\/index.php?rest_route=\/wp\/v2\/pages\/17\/revisions"}],"wp:attachment":[{"href":"https:\/\/klinikmsdernegi.com\/index.php?rest_route=%2Fwp%2Fv2%2Fmedia&parent=17"}],"curies":[{"name":"wp","href":"https:\/\/api.w.org\/{rel}","templated":true}]}}